{"id":5575,"date":"2015-05-04T11:44:43","date_gmt":"2015-05-04T08:44:43","guid":{"rendered":"http:\/\/www.altensis.com\/en\/?page_id=5575"},"modified":"2015-05-04T11:48:37","modified_gmt":"2015-05-04T08:48:37","slug":"acik-pozisyonlar","status":"publish","type":"page","link":"https:\/\/www.altensis.com\/en\/career\/acik-pozisyonlar\/","title":{"rendered":"A\u00e7\u0131k Pozisyonlar"},"content":{"rendered":"<p><strong>Altensis s\u00fcrekli olarak yeni i\u015f arkada\u015flar\u0131 aramaktad\u0131r.<\/strong><\/p>\n","protected":false},"excerpt":{"rendered":"<p>Altensis s\u00fcrekli olarak yeni i\u015f arkada\u015flar\u0131 aramaktad\u0131r.<\/p>\n","protected":false},"author":1,"featured_media":0,"parent":24,"menu_order":0,"comment_status":"open","ping_status":"open","template":"page.career.php","meta":{"_mi_skip_tracking":false},"_links":{"self":[{"href":"https:\/\/www.altensis.com\/en\/wp-json\/wp\/v2\/pages\/5575"}],"collection":[{"href":"https:\/\/www.altensis.com\/en\/wp-json\/wp\/v2\/pages"}],"about":[{"href":"https:\/\/www.altensis.com\/en\/wp-json\/wp\/v2\/types\/page"}],"author":[{"embeddable":true,"href":"https:\/\/www.altensis.com\/en\/wp-json\/wp\/v2\/users\/1"}],"replies":[{"embeddable":true,"href":"https:\/\/www.altensis.com\/en\/wp-json\/wp\/v2\/comments?post=5575"}],"version-history":[{"count":2,"href":"https:\/\/www.altensis.com\/en\/wp-json\/wp\/v2\/pages\/5575\/revisions"}],"predecessor-version":[{"id":5577,"href":"https:\/\/www.altensis.com\/en\/wp-json\/wp\/v2\/pages\/5575\/revisions\/5577"}],"up":[{"embeddable":true,"href":"https:\/\/www.altensis.com\/en\/wp-json\/wp\/v2\/pages\/24"}],"wp:attachment":[{"href":"https:\/\/www.altensis.com\/en\/wp-json\/wp\/v2\/media?parent=5575"}],"curies":[{"name":"wp","href":"https:\/\/api.w.org\/{rel}","templated":true}]}}