{"id":41,"date":"2011-02-15T11:03:40","date_gmt":"2011-02-15T09:03:40","guid":{"rendered":"http:\/\/altensis.com\/en\/"},"modified":"2025-11-02T20:32:26","modified_gmt":"2025-11-02T17:32:26","slug":"contact","status":"publish","type":"page","link":"https:\/\/www.altensis.com\/en\/contact\/","title":{"rendered":"Contact"},"content":{"rendered":"<p><iframe loading=\"lazy\" src=\"https:\/\/maps.google.com\/maps?f=q&amp;source=s_q&amp;hl=en&amp;geocode=&amp;q=Altensis+%C4%B0n%C5%9Faat+Enerji+San.+ve+Tic.+Ltd.+%C5%9Eti.,+Istanbul,+Turkey&amp;aq=0&amp;oq=altensis&amp;sll=40.978369,29.120448&amp;sspn=0.00712,0.016512&amp;g=40.978369,29.120448&amp;ie=UTF8&amp;hq=Altensis+%C4%B0n%C5%9Faat+Enerji+San.+ve+Tic.+Ltd.+%C5%9Eti.,&amp;hnear=Istanbul,+Turkey&amp;t=m&amp;ll=40.987155,29.120808&amp;spn=0.06479,0.119991&amp;z=13&amp;iwloc=A&amp;output=embed\" width=\"700\" height=\"500\" frameborder=\"0\" marginwidth=\"0\" marginheight=\"0\" scrolling=\"no\"><\/iframe><br \/>\n<small><a style=\"color: #005b9c; text-align: left;\" href=\"https:\/\/maps.google.com\/maps?f=q&amp;source=embed&amp;hl=en&amp;geocode=&amp;q=Altensis+%C4%B0n%C5%9Faat+Enerji+San.+ve+Tic.+Ltd.+%C5%9Eti.,+Istanbul,+Turkey&amp;aq=0&amp;oq=altensis&amp;sll=40.978369,29.120448&amp;sspn=0.00712,0.016512&amp;g=40.978369,29.120448&amp;ie=UTF8&amp;hq=Altensis+%C4%B0n%C5%9Faat+Enerji+San.+ve+Tic.+Ltd.+%C5%9Eti.,&amp;hnear=Istanbul,+Turkey&amp;t=m&amp;ll=40.987155,29.120808&amp;spn=0.06479,0.119991&amp;z=13&amp;iwloc=A\">View Larger Map<\/a><\/small><\/p>\n<div id=\"content-with-bar\">\n<h3>Altensis \u0130n\u015faat Enerji San. ve Tic. Ltd. \u015eti.<\/h3>\n<p>Vedat G\u00fcnyol Cad. Demir Sk. No:1 Piyale \u0130\u015f Merkezi Kat:3 D:3<\/p>\n<p>34750 K.Bakkalk\u00f6y, Ata\u015fehir, \u0130stanbul<\/p>\n<p>(Pelit Patisserie Building)<\/p>\n<p>Coordinates: 40.983983, 29.106977<\/p>\n<p><strong>T:\u00a0<\/strong>(0216) 410 61 35<\/p>\n<p><strong>F: <\/strong>(0216) 410 61 53<\/p>\n<p><strong><a href=\"mailto:info@altensis.com\" target=\"_blank\" rel=\"noopener\">info[at]altensis.com<\/a><\/strong><\/p>\n<\/div>\n","protected":false},"excerpt":{"rendered":"<p>View Larger Map Altensis \u0130n\u015faat Enerji San. ve Tic. Ltd. \u015eti. Vedat G\u00fcnyol Cad. Demir Sk. No:1 Piyale \u0130\u015f Merkezi Kat:3 D:3 34750 K.Bakkalk\u00f6y, Ata\u015fehir, \u0130stanbul (Pelit Patisserie Building) Coordinates: 40.983983, 29.106977 T:\u00a0(0216) 410 61 35 F: (0216) 410 61 53 info[at]altensis.com<\/p>\n","protected":false},"author":1,"featured_media":0,"parent":0,"menu_order":0,"comment_status":"open","ping_status":"open","template":"","meta":{"_mi_skip_tracking":false},"_links":{"self":[{"href":"https:\/\/www.altensis.com\/en\/wp-json\/wp\/v2\/pages\/41"}],"collection":[{"href":"https:\/\/www.altensis.com\/en\/wp-json\/wp\/v2\/pages"}],"about":[{"href":"https:\/\/www.altensis.com\/en\/wp-json\/wp\/v2\/types\/page"}],"author":[{"embeddable":true,"href":"https:\/\/www.altensis.com\/en\/wp-json\/wp\/v2\/users\/1"}],"replies":[{"embeddable":true,"href":"https:\/\/www.altensis.com\/en\/wp-json\/wp\/v2\/comments?post=41"}],"version-history":[{"count":35,"href":"https:\/\/www.altensis.com\/en\/wp-json\/wp\/v2\/pages\/41\/revisions"}],"predecessor-version":[{"id":7668,"href":"https:\/\/www.altensis.com\/en\/wp-json\/wp\/v2\/pages\/41\/revisions\/7668"}],"wp:attachment":[{"href":"https:\/\/www.altensis.com\/en\/wp-json\/wp\/v2\/media?parent=41"}],"curies":[{"name":"wp","href":"https:\/\/api.w.org\/{rel}","templated":true}]}}