{"id":365,"date":"2011-02-24T14:13:37","date_gmt":"2011-02-24T12:13:37","guid":{"rendered":"http:\/\/altensis.com\/en\/"},"modified":"2015-10-24T16:59:00","modified_gmt":"2015-10-24T13:59:00","slug":"ozgecmis-formu","status":"publish","type":"page","link":"https:\/\/www.altensis.com\/en\/career\/ozgecmis-formu\/","title":{"rendered":"\u00d6zge\u00e7mi\u015f Formu"},"content":{"rendered":"<p>L\u00fctfen bilgilerinizin do\u011fru ve eksiksiz oldu\u011fundan emin olun.<\/p>\n","protected":false},"excerpt":{"rendered":"<p>L\u00fctfen bilgilerinizin do\u011fru ve eksiksiz oldu\u011fundan emin olun.<\/p>\n","protected":false},"author":1,"featured_media":0,"parent":24,"menu_order":1,"comment_status":"open","ping_status":"open","template":"page.cv.php","meta":{"_mi_skip_tracking":false},"_links":{"self":[{"href":"https:\/\/www.altensis.com\/en\/wp-json\/wp\/v2\/pages\/365"}],"collection":[{"href":"https:\/\/www.altensis.com\/en\/wp-json\/wp\/v2\/pages"}],"about":[{"href":"https:\/\/www.altensis.com\/en\/wp-json\/wp\/v2\/types\/page"}],"author":[{"embeddable":true,"href":"https:\/\/www.altensis.com\/en\/wp-json\/wp\/v2\/users\/1"}],"replies":[{"embeddable":true,"href":"https:\/\/www.altensis.com\/en\/wp-json\/wp\/v2\/comments?post=365"}],"version-history":[{"count":3,"href":"https:\/\/www.altensis.com\/en\/wp-json\/wp\/v2\/pages\/365\/revisions"}],"predecessor-version":[{"id":5580,"href":"https:\/\/www.altensis.com\/en\/wp-json\/wp\/v2\/pages\/365\/revisions\/5580"}],"up":[{"embeddable":true,"href":"https:\/\/www.altensis.com\/en\/wp-json\/wp\/v2\/pages\/24"}],"wp:attachment":[{"href":"https:\/\/www.altensis.com\/en\/wp-json\/wp\/v2\/media?parent=365"}],"curies":[{"name":"wp","href":"https:\/\/api.w.org\/{rel}","templated":true}]}}