{"id":24,"date":"2011-02-15T09:14:45","date_gmt":"2011-02-15T09:14:45","guid":{"rendered":"http:\/\/altensis.com\/en\/"},"modified":"2016-07-23T11:40:01","modified_gmt":"2016-07-23T08:40:01","slug":"career","status":"publish","type":"page","link":"https:\/\/www.altensis.com\/en\/career\/","title":{"rendered":"Career"},"content":{"rendered":"<p><strong>Altensis s\u00fcrekli olarak yeni i\u015f arkada\u015flar\u0131 aramaktad\u0131r.<\/strong><\/p>\n<p>Altensis&#8217;in sundu\u011fu <a href=\"http:\/\/altensis.com\/en\/hizmetler\/\">hizmetler<\/a> konusunda \u00e7al\u0131\u015fmaya istekli, kendine g\u00fcvenen, yeni konular \u00f6\u011frenmeye merakl\u0131 ve tercihen tecr\u00fcbeli bir m\u00fchendis, mimar veya tekniker \u00a0iseniz, <a href=\"http:\/\/altensis.com\/en\/kariyer\/ozgecmis-formu\/\">\u00f6zge\u00e7mi\u015f formu<\/a>muzu doldurunuz.<\/p>\n<p>&nbsp;<\/p>\n<p>&nbsp;<\/p>\n","protected":false},"excerpt":{"rendered":"<p>Altensis s\u00fcrekli olarak yeni i\u015f arkada\u015flar\u0131 aramaktad\u0131r. Altensis&#8217;in sundu\u011fu hizmetler konusunda \u00e7al\u0131\u015fmaya istekli, kendine g\u00fcvenen, yeni konular \u00f6\u011frenmeye merakl\u0131 ve tercihen tecr\u00fcbeli bir m\u00fchendis, mimar veya tekniker \u00a0iseniz, \u00f6zge\u00e7mi\u015f formumuzu doldurunuz. &nbsp; &nbsp;<\/p>\n","protected":false},"author":1,"featured_media":0,"parent":0,"menu_order":0,"comment_status":"open","ping_status":"open","template":"page.career.php","meta":{"_mi_skip_tracking":false},"_links":{"self":[{"href":"https:\/\/www.altensis.com\/en\/wp-json\/wp\/v2\/pages\/24"}],"collection":[{"href":"https:\/\/www.altensis.com\/en\/wp-json\/wp\/v2\/pages"}],"about":[{"href":"https:\/\/www.altensis.com\/en\/wp-json\/wp\/v2\/types\/page"}],"author":[{"embeddable":true,"href":"https:\/\/www.altensis.com\/en\/wp-json\/wp\/v2\/users\/1"}],"replies":[{"embeddable":true,"href":"https:\/\/www.altensis.com\/en\/wp-json\/wp\/v2\/comments?post=24"}],"version-history":[{"count":10,"href":"https:\/\/www.altensis.com\/en\/wp-json\/wp\/v2\/pages\/24\/revisions"}],"predecessor-version":[{"id":6282,"href":"https:\/\/www.altensis.com\/en\/wp-json\/wp\/v2\/pages\/24\/revisions\/6282"}],"wp:attachment":[{"href":"https:\/\/www.altensis.com\/en\/wp-json\/wp\/v2\/media?parent=24"}],"curies":[{"name":"wp","href":"https:\/\/api.w.org\/{rel}","templated":true}]}}